{"id":1720,"date":"2026-02-09T14:04:00","date_gmt":"2026-02-09T13:04:00","guid":{"rendered":"https:\/\/svaerdborgfest.dk\/?page_id=1720"},"modified":"2026-03-02T12:44:02","modified_gmt":"2026-03-02T11:44:02","slug":"musik-aften-med-pj-swingband","status":"publish","type":"page","link":"https:\/\/svaerdborgfest.dk\/index.php\/musik-aften-med-pj-swingband\/","title":{"rendered":"Musik Aften"},"content":{"rendered":"\t\t<div data-elementor-type=\"wp-page\" data-elementor-id=\"1720\" class=\"elementor elementor-1720\">\n\t\t\t\t\t\t<section class=\"elementor-section elementor-top-section elementor-element elementor-element-08b0324 elementor-section-boxed elementor-section-height-default elementor-section-height-default\" data-id=\"08b0324\" data-element_type=\"section\">\n\t\t\t\t\t\t<div class=\"elementor-container elementor-column-gap-default\">\n\t\t\t\t\t<div class=\"elementor-column elementor-col-100 elementor-top-column elementor-element elementor-element-39a7372\" data-id=\"39a7372\" data-element_type=\"column\">\n\t\t\t<div class=\"elementor-widget-wrap elementor-element-populated\">\n\t\t\t\t\t\t<div class=\"elementor-element elementor-element-9f834fc elementor-widget elementor-widget-heading\" data-id=\"9f834fc\" data-element_type=\"widget\" data-widget_type=\"heading.default\">\n\t\t\t\t<div class=\"elementor-widget-container\">\n\t\t\t\t\t<h2 class=\"elementor-heading-title elementor-size-default\">UDSOLGT - UDSOLGT - UDSOLGT - UDSOLGT - UDSOLGT - UDSOLGT<\/h2>\t\t\t\t<\/div>\n\t\t\t\t<\/div>\n\t\t\t\t\t<\/div>\n\t\t<\/div>\n\t\t\t\t\t<\/div>\n\t\t<\/section>\n\t\t\t\t<section class=\"elementor-section elementor-top-section elementor-element elementor-element-7ea4469 elementor-section-boxed elementor-section-height-default elementor-section-height-default\" data-id=\"7ea4469\" data-element_type=\"section\">\n\t\t\t\t\t\t<div class=\"elementor-container elementor-column-gap-default\">\n\t\t\t\t\t<div class=\"elementor-column elementor-col-100 elementor-top-column elementor-element elementor-element-fec396d\" data-id=\"fec396d\" data-element_type=\"column\">\n\t\t\t<div class=\"elementor-widget-wrap elementor-element-populated\">\n\t\t\t\t\t\t<div class=\"elementor-element elementor-element-d672b5c elementor-widget elementor-widget-heading\" data-id=\"d672b5c\" data-element_type=\"widget\" data-widget_type=\"heading.default\">\n\t\t\t\t<div class=\"elementor-widget-container\">\n\t\t\t\t\t<h2 class=\"elementor-heading-title elementor-size-default\">Gratis Musik Aften med P.J. Swingband Torsdag d.5\/3 kl.18.30<\/h2>\t\t\t\t<\/div>\n\t\t\t\t<\/div>\n\t\t\t\t\t<\/div>\n\t\t<\/div>\n\t\t\t\t\t<\/div>\n\t\t<\/section>\n\t\t\t\t<section class=\"elementor-section elementor-top-section elementor-element elementor-element-965f983 elementor-section-boxed elementor-section-height-default elementor-section-height-default\" data-id=\"965f983\" data-element_type=\"section\">\n\t\t\t\t\t\t<div class=\"elementor-container elementor-column-gap-default\">\n\t\t\t\t\t<div class=\"elementor-column elementor-col-100 elementor-top-column elementor-element elementor-element-c9be65e\" data-id=\"c9be65e\" data-element_type=\"column\">\n\t\t\t<div class=\"elementor-widget-wrap elementor-element-populated\">\n\t\t\t\t\t\t<div class=\"elementor-element elementor-element-fd139ec elementor-widget elementor-widget-image\" data-id=\"fd139ec\" data-element_type=\"widget\" data-widget_type=\"image.default\">\n\t\t\t\t<div class=\"elementor-widget-container\">\n\t\t\t\t\t\t\t\t\t\t\t\t\t\t\t<img fetchpriority=\"high\" decoding=\"async\" width=\"1400\" height=\"892\" src=\"https:\/\/svaerdborgfest.dk\/wp-content\/uploads\/2026\/02\/P.-J.-Swingband-Nytaarskoncert-2023-5.jpg\" class=\"attachment-1536x1536 size-1536x1536 wp-image-1725\" alt=\"\" srcset=\"https:\/\/svaerdborgfest.dk\/wp-content\/uploads\/2026\/02\/P.-J.-Swingband-Nytaarskoncert-2023-5.jpg 1400w, https:\/\/svaerdborgfest.dk\/wp-content\/uploads\/2026\/02\/P.-J.-Swingband-Nytaarskoncert-2023-5-300x191.jpg 300w, https:\/\/svaerdborgfest.dk\/wp-content\/uploads\/2026\/02\/P.-J.-Swingband-Nytaarskoncert-2023-5-1024x652.jpg 1024w, https:\/\/svaerdborgfest.dk\/wp-content\/uploads\/2026\/02\/P.-J.-Swingband-Nytaarskoncert-2023-5-768x489.jpg 768w, https:\/\/svaerdborgfest.dk\/wp-content\/uploads\/2026\/02\/P.-J.-Swingband-Nytaarskoncert-2023-5-500x319.jpg 500w, https:\/\/svaerdborgfest.dk\/wp-content\/uploads\/2026\/02\/P.-J.-Swingband-Nytaarskoncert-2023-5-800x510.jpg 800w, https:\/\/svaerdborgfest.dk\/wp-content\/uploads\/2026\/02\/P.-J.-Swingband-Nytaarskoncert-2023-5-1280x816.jpg 1280w\" sizes=\"(max-width: 1400px) 100vw, 1400px\" \/>\t\t\t\t\t\t\t\t\t\t\t\t\t\t\t<\/div>\n\t\t\t\t<\/div>\n\t\t\t\t\t<\/div>\n\t\t<\/div>\n\t\t\t\t\t<\/div>\n\t\t<\/section>\n\t\t\t\t<section class=\"elementor-section elementor-top-section elementor-element elementor-element-366e4f2 elementor-section-boxed elementor-section-height-default elementor-section-height-default\" data-id=\"366e4f2\" data-element_type=\"section\">\n\t\t\t\t\t\t<div class=\"elementor-container elementor-column-gap-default\">\n\t\t\t\t\t<div class=\"elementor-column elementor-col-100 elementor-top-column elementor-element elementor-element-0e44068\" data-id=\"0e44068\" data-element_type=\"column\">\n\t\t\t<div class=\"elementor-widget-wrap elementor-element-populated\">\n\t\t\t\t\t\t<div class=\"elementor-element elementor-element-3562429 elementor-widget elementor-widget-text-editor\" data-id=\"3562429\" data-element_type=\"widget\" data-widget_type=\"text-editor.default\">\n\t\t\t\t<div class=\"elementor-widget-container\">\n\t\t\t\t\t\t\t\t\t<p data-start=\"192\" data-end=\"258\">Gratis koncert med P.J. Swingband \u2013 musik, mad og god stemning\u00a0<\/p><p data-start=\"192\" data-end=\"258\"><strong data-start=\"354\" data-end=\"380\">D\u00f8rene \u00e5bner kl. 18.30<\/strong>, og <strong data-start=\"385\" data-end=\"415\">musikken starter kl. 19.30<\/strong>.<\/p><p data-start=\"260\" data-end=\"413\">Vi inviterer til et stemningsfuldt og gratis arrangement med live musik, n\u00e5r P.J. Swingband g\u00e6ster os med et underholdende bigband i absolut topform.<\/p><p data-start=\"415\" data-end=\"761\">P.J. Swingband er et velspillende 18 mands bigband, som i 2026 kan fejre 40 \u00e5rs f\u00f8dselsdag. Bandet best\u00e5r af saxofoner, trompeter, tromboner og rytmegruppe og er hjemmeh\u00f8rende i Vordingborg. Oprindeligt blev bandet startet som et seniororkester for medlemmer af Prins J\u00f8rgens Garde, men i dag har kun enkelte medlemmer en fortid i garden.<\/p><p data-start=\"763\" data-end=\"958\">Repertoiret sp\u00e6nder bredt \u2013 fra klassisk swingende bigband-musik i stil med Count Basie til mere nutidig pop.<br data-start=\"876\" data-end=\"879\" \/>Dirigent er Andr\u00e9 Jensen, der sikrer en musikalsk oplevelse i h\u00f8j kvalitet.<\/p><p data-start=\"960\" data-end=\"1159\"><img decoding=\"async\" class=\"emoji\" role=\"img\" src=\"https:\/\/s.w.org\/images\/core\/emoji\/17.0.2\/svg\/1f3b6.svg\" alt=\"\ud83c\udfb6\" \/> Gratis arrangement d\u00f8rene \u00e5bner kl.18.30 og musikken g\u00e5r p\u00e5 19.30 og spiller 2x45min<br data-start=\"985\" data-end=\"988\" \/><img decoding=\"async\" class=\"emoji\" role=\"img\" src=\"https:\/\/s.w.org\/images\/core\/emoji\/17.0.2\/svg\/1f4dd.svg\" alt=\"\ud83d\udcdd\" \/> Tilmelding er n\u00f8dvendig<br data-start=\"1018\" data-end=\"1021\" \/><img decoding=\"async\" class=\"emoji\" role=\"img\" src=\"https:\/\/s.w.org\/images\/core\/emoji\/17.0.2\/svg\/1f964.svg\" alt=\"\ud83e\udd64\" \/> Mulighed for k\u00f8b af \u00f8l, sodavand og vin<br data-start=\"1067\" data-end=\"1070\" \/><img decoding=\"async\" class=\"emoji\" role=\"img\" src=\"https:\/\/s.w.org\/images\/core\/emoji\/17.0.2\/svg\/1f37d.svg\" alt=\"\ud83c\udf7d\ufe0f\" \/> Mulighed for k\u00f8b af mad ved forudbestilling\u00a0<br data-start=\"1101\" data-end=\"1104\" \/><img decoding=\"async\" class=\"emoji\" role=\"img\" src=\"https:\/\/s.w.org\/images\/core\/emoji\/17.0.2\/svg\/1f449.svg\" alt=\"\ud83d\udc49\" \/> <em data-start=\"1107\" data-end=\"1159\">Dagens ret er Sv\u00e6rdborgs legendariske m\u00f8rbradgryde<\/em><\/p><p data-start=\"1161\" data-end=\"1221\">Kom og oplev et underholdende bigband i absolut topform!<\/p>\t\t\t\t\t\t\t\t<\/div>\n\t\t\t\t<\/div>\n\t\t\t\t\t<\/div>\n\t\t<\/div>\n\t\t\t\t\t<\/div>\n\t\t<\/section>\n\t\t\t\t<section class=\"elementor-section elementor-top-section elementor-element elementor-element-66c57a6 elementor-section-boxed elementor-section-height-default elementor-section-height-default\" data-id=\"66c57a6\" data-element_type=\"section\">\n\t\t\t\t\t\t<div class=\"elementor-container elementor-column-gap-default\">\n\t\t\t\t\t<div class=\"elementor-column elementor-col-100 elementor-top-column elementor-element elementor-element-0984be7\" data-id=\"0984be7\" data-element_type=\"column\">\n\t\t\t<div class=\"elementor-widget-wrap elementor-element-populated\">\n\t\t\t\t\t\t<div class=\"elementor-element elementor-element-1813053 elementor-widget elementor-widget-heading\" data-id=\"1813053\" data-element_type=\"widget\" data-widget_type=\"heading.default\">\n\t\t\t\t<div class=\"elementor-widget-container\">\n\t\t\t\t\t<h2 class=\"elementor-heading-title elementor-size-default\">UDSOLGT - UDSOLGT - UDSOLGT - UDSOLGT - UDSOLGT - UDSOLGT<\/h2>\t\t\t\t<\/div>\n\t\t\t\t<\/div>\n\t\t\t\t\t<\/div>\n\t\t<\/div>\n\t\t\t\t\t<\/div>\n\t\t<\/section>\n\t\t\t\t<\/div>\n\t\t","protected":false},"excerpt":{"rendered":"<p>UDSOLGT &#8211; UDSOLGT &#8211; UDSOLGT &#8211; UDSOLGT &#8211; UDSOLGT &#8211; UDSOLGT Gratis Musik Aften med P.J. Swingband Torsdag d.5\/3 kl.18.30 Gratis koncert med P.J. Swingband [&hellip;]<\/p>\n","protected":false},"author":1,"featured_media":0,"parent":0,"menu_order":0,"comment_status":"closed","ping_status":"closed","template":"template-fullwide.php","meta":{"_price":"","_stock":"","_tribe_ticket_header":"","_tribe_default_ticket_provider":"","_tribe_ticket_capacity":"0","_ticket_start_date":"","_ticket_end_date":"","_tribe_ticket_show_description":"","_tribe_ticket_show_not_going":false,"_tribe_ticket_use_global_stock":"","_tribe_ticket_global_stock_level":"","_global_stock_mode":"","_global_stock_cap":"","_tribe_rsvp_for_event":"","_tribe_ticket_going_count":"","_tribe_ticket_not_going_count":"","_tribe_tickets_list":"[]","_tribe_ticket_has_attendee_info_fields":false,"_vp_format_video_url":"","_vp_image_focal_point":[],"footnotes":"","_tec_slr_enabled":"","_tec_slr_layout":""},"class_list":["post-1720","page","type-page","status-publish","hentry"],"yoast_head":"<!-- This site is optimized with the Yoast SEO plugin v24.0 - https:\/\/yoast.com\/wordpress\/plugins\/seo\/ -->\n<title>Musik Aften - Sv\u00e6rdborg Festlokaler og kursusfaciliteter<\/title>\n<meta name=\"robots\" content=\"index, follow, max-snippet:-1, max-image-preview:large, max-video-preview:-1\" \/>\n<link rel=\"canonical\" href=\"https:\/\/svaerdborgfest.dk\/index.php\/musik-aften-med-pj-swingband\/\" \/>\n<meta property=\"og:locale\" content=\"da_DK\" \/>\n<meta property=\"og:type\" content=\"article\" \/>\n<meta property=\"og:title\" content=\"Musik Aften - Sv\u00e6rdborg Festlokaler og kursusfaciliteter\" \/>\n<meta property=\"og:description\" content=\"UDSOLGT &#8211; UDSOLGT &#8211; UDSOLGT &#8211; UDSOLGT &#8211; UDSOLGT &#8211; UDSOLGT Gratis Musik Aften med P.J. Swingband Torsdag d.5\/3 kl.18.30 Gratis koncert med P.J. Swingband [&hellip;]\" \/>\n<meta property=\"og:url\" content=\"https:\/\/svaerdborgfest.dk\/index.php\/musik-aften-med-pj-swingband\/\" \/>\n<meta property=\"og:site_name\" content=\"Sv\u00e6rdborg Festlokaler og kursusfaciliteter\" \/>\n<meta property=\"article:modified_time\" content=\"2026-03-02T11:44:02+00:00\" \/>\n<meta property=\"og:image\" content=\"https:\/\/svaerdborgfest.dk\/wp-content\/uploads\/2026\/02\/P.-J.-Swingband-Nytaarskoncert-2023-5.jpg\" \/>\n\t<meta property=\"og:image:width\" content=\"1400\" \/>\n\t<meta property=\"og:image:height\" content=\"892\" \/>\n\t<meta property=\"og:image:type\" content=\"image\/jpeg\" \/>\n<meta name=\"twitter:card\" content=\"summary_large_image\" \/>\n<meta name=\"twitter:label1\" content=\"Estimeret l\u00e6setid\" \/>\n\t<meta name=\"twitter:data1\" content=\"3 minutter\" \/>\n<script type=\"application\/ld+json\" class=\"yoast-schema-graph\">{\"@context\":\"https:\/\/schema.org\",\"@graph\":[{\"@type\":\"WebPage\",\"@id\":\"https:\/\/svaerdborgfest.dk\/index.php\/musik-aften-med-pj-swingband\/\",\"url\":\"https:\/\/svaerdborgfest.dk\/index.php\/musik-aften-med-pj-swingband\/\",\"name\":\"Musik Aften - Sv\u00e6rdborg Festlokaler og kursusfaciliteter\",\"isPartOf\":{\"@id\":\"http:\/\/svaerdborgfest.dk\/#website\"},\"primaryImageOfPage\":{\"@id\":\"https:\/\/svaerdborgfest.dk\/index.php\/musik-aften-med-pj-swingband\/#primaryimage\"},\"image\":{\"@id\":\"https:\/\/svaerdborgfest.dk\/index.php\/musik-aften-med-pj-swingband\/#primaryimage\"},\"thumbnailUrl\":\"https:\/\/svaerdborgfest.dk\/wp-content\/uploads\/2026\/02\/P.-J.-Swingband-Nytaarskoncert-2023-5.jpg\",\"datePublished\":\"2026-02-09T13:04:00+00:00\",\"dateModified\":\"2026-03-02T11:44:02+00:00\",\"breadcrumb\":{\"@id\":\"https:\/\/svaerdborgfest.dk\/index.php\/musik-aften-med-pj-swingband\/#breadcrumb\"},\"inLanguage\":\"da-DK\",\"potentialAction\":[{\"@type\":\"ReadAction\",\"target\":[\"https:\/\/svaerdborgfest.dk\/index.php\/musik-aften-med-pj-swingband\/\"]}]},{\"@type\":\"ImageObject\",\"inLanguage\":\"da-DK\",\"@id\":\"https:\/\/svaerdborgfest.dk\/index.php\/musik-aften-med-pj-swingband\/#primaryimage\",\"url\":\"https:\/\/svaerdborgfest.dk\/wp-content\/uploads\/2026\/02\/P.-J.-Swingband-Nytaarskoncert-2023-5.jpg\",\"contentUrl\":\"https:\/\/svaerdborgfest.dk\/wp-content\/uploads\/2026\/02\/P.-J.-Swingband-Nytaarskoncert-2023-5.jpg\",\"width\":1400,\"height\":892},{\"@type\":\"BreadcrumbList\",\"@id\":\"https:\/\/svaerdborgfest.dk\/index.php\/musik-aften-med-pj-swingband\/#breadcrumb\",\"itemListElement\":[{\"@type\":\"ListItem\",\"position\":1,\"name\":\"Hjem\",\"item\":\"https:\/\/svaerdborgfest.dk\/\"},{\"@type\":\"ListItem\",\"position\":2,\"name\":\"Musik Aften\"}]},{\"@type\":\"WebSite\",\"@id\":\"http:\/\/svaerdborgfest.dk\/#website\",\"url\":\"http:\/\/svaerdborgfest.dk\/\",\"name\":\"Sv\u00e6rdborg Festlokaler og kursusfaciliteter\",\"description\":\"\",\"potentialAction\":[{\"@type\":\"SearchAction\",\"target\":{\"@type\":\"EntryPoint\",\"urlTemplate\":\"http:\/\/svaerdborgfest.dk\/?s={search_term_string}\"},\"query-input\":{\"@type\":\"PropertyValueSpecification\",\"valueRequired\":true,\"valueName\":\"search_term_string\"}}],\"inLanguage\":\"da-DK\"}]}<\/script>\n<!-- \/ Yoast SEO plugin. -->","yoast_head_json":{"title":"Musik Aften - Sv\u00e6rdborg Festlokaler og kursusfaciliteter","robots":{"index":"index","follow":"follow","max-snippet":"max-snippet:-1","max-image-preview":"max-image-preview:large","max-video-preview":"max-video-preview:-1"},"canonical":"https:\/\/svaerdborgfest.dk\/index.php\/musik-aften-med-pj-swingband\/","og_locale":"da_DK","og_type":"article","og_title":"Musik Aften - Sv\u00e6rdborg Festlokaler og kursusfaciliteter","og_description":"UDSOLGT &#8211; UDSOLGT &#8211; UDSOLGT &#8211; UDSOLGT &#8211; UDSOLGT &#8211; UDSOLGT Gratis Musik Aften med P.J. Swingband Torsdag d.5\/3 kl.18.30 Gratis koncert med P.J. Swingband [&hellip;]","og_url":"https:\/\/svaerdborgfest.dk\/index.php\/musik-aften-med-pj-swingband\/","og_site_name":"Sv\u00e6rdborg Festlokaler og kursusfaciliteter","article_modified_time":"2026-03-02T11:44:02+00:00","og_image":[{"width":1400,"height":892,"url":"https:\/\/svaerdborgfest.dk\/wp-content\/uploads\/2026\/02\/P.-J.-Swingband-Nytaarskoncert-2023-5.jpg","type":"image\/jpeg"}],"twitter_card":"summary_large_image","twitter_misc":{"Estimeret l\u00e6setid":"3 minutter"},"schema":{"@context":"https:\/\/schema.org","@graph":[{"@type":"WebPage","@id":"https:\/\/svaerdborgfest.dk\/index.php\/musik-aften-med-pj-swingband\/","url":"https:\/\/svaerdborgfest.dk\/index.php\/musik-aften-med-pj-swingband\/","name":"Musik Aften - Sv\u00e6rdborg Festlokaler og kursusfaciliteter","isPartOf":{"@id":"http:\/\/svaerdborgfest.dk\/#website"},"primaryImageOfPage":{"@id":"https:\/\/svaerdborgfest.dk\/index.php\/musik-aften-med-pj-swingband\/#primaryimage"},"image":{"@id":"https:\/\/svaerdborgfest.dk\/index.php\/musik-aften-med-pj-swingband\/#primaryimage"},"thumbnailUrl":"https:\/\/svaerdborgfest.dk\/wp-content\/uploads\/2026\/02\/P.-J.-Swingband-Nytaarskoncert-2023-5.jpg","datePublished":"2026-02-09T13:04:00+00:00","dateModified":"2026-03-02T11:44:02+00:00","breadcrumb":{"@id":"https:\/\/svaerdborgfest.dk\/index.php\/musik-aften-med-pj-swingband\/#breadcrumb"},"inLanguage":"da-DK","potentialAction":[{"@type":"ReadAction","target":["https:\/\/svaerdborgfest.dk\/index.php\/musik-aften-med-pj-swingband\/"]}]},{"@type":"ImageObject","inLanguage":"da-DK","@id":"https:\/\/svaerdborgfest.dk\/index.php\/musik-aften-med-pj-swingband\/#primaryimage","url":"https:\/\/svaerdborgfest.dk\/wp-content\/uploads\/2026\/02\/P.-J.-Swingband-Nytaarskoncert-2023-5.jpg","contentUrl":"https:\/\/svaerdborgfest.dk\/wp-content\/uploads\/2026\/02\/P.-J.-Swingband-Nytaarskoncert-2023-5.jpg","width":1400,"height":892},{"@type":"BreadcrumbList","@id":"https:\/\/svaerdborgfest.dk\/index.php\/musik-aften-med-pj-swingband\/#breadcrumb","itemListElement":[{"@type":"ListItem","position":1,"name":"Hjem","item":"https:\/\/svaerdborgfest.dk\/"},{"@type":"ListItem","position":2,"name":"Musik Aften"}]},{"@type":"WebSite","@id":"http:\/\/svaerdborgfest.dk\/#website","url":"http:\/\/svaerdborgfest.dk\/","name":"Sv\u00e6rdborg Festlokaler og kursusfaciliteter","description":"","potentialAction":[{"@type":"SearchAction","target":{"@type":"EntryPoint","urlTemplate":"http:\/\/svaerdborgfest.dk\/?s={search_term_string}"},"query-input":{"@type":"PropertyValueSpecification","valueRequired":true,"valueName":"search_term_string"}}],"inLanguage":"da-DK"}]}},"ticketed":false,"_links":{"self":[{"href":"https:\/\/svaerdborgfest.dk\/index.php\/wp-json\/wp\/v2\/pages\/1720","targetHints":{"allow":["GET"]}}],"collection":[{"href":"https:\/\/svaerdborgfest.dk\/index.php\/wp-json\/wp\/v2\/pages"}],"about":[{"href":"https:\/\/svaerdborgfest.dk\/index.php\/wp-json\/wp\/v2\/types\/page"}],"author":[{"embeddable":true,"href":"https:\/\/svaerdborgfest.dk\/index.php\/wp-json\/wp\/v2\/users\/1"}],"replies":[{"embeddable":true,"href":"https:\/\/svaerdborgfest.dk\/index.php\/wp-json\/wp\/v2\/comments?post=1720"}],"version-history":[{"count":16,"href":"https:\/\/svaerdborgfest.dk\/index.php\/wp-json\/wp\/v2\/pages\/1720\/revisions"}],"predecessor-version":[{"id":1815,"href":"https:\/\/svaerdborgfest.dk\/index.php\/wp-json\/wp\/v2\/pages\/1720\/revisions\/1815"}],"wp:attachment":[{"href":"https:\/\/svaerdborgfest.dk\/index.php\/wp-json\/wp\/v2\/media?parent=1720"}],"curies":[{"name":"wp","href":"https:\/\/api.w.org\/{rel}","templated":true}]}}