{"id":740,"date":"2025-03-14T09:22:24","date_gmt":"2025-03-14T08:22:24","guid":{"rendered":"https:\/\/svaerdborgfest.dk\/?page_id=740"},"modified":"2026-03-25T14:22:01","modified_gmt":"2026-03-25T13:22:01","slug":"mad-ud-af-huset","status":"publish","type":"page","link":"https:\/\/svaerdborgfest.dk\/index.php\/mad-ud-af-huset\/","title":{"rendered":"Mad ud af Huset"},"content":{"rendered":"\t\t<div data-elementor-type=\"wp-page\" data-elementor-id=\"740\" class=\"elementor elementor-740\">\n\t\t\t\t\t\t<section class=\"elementor-section elementor-top-section elementor-element elementor-element-a9858c5 elementor-section-boxed elementor-section-height-default elementor-section-height-default\" data-id=\"a9858c5\" data-element_type=\"section\">\n\t\t\t\t\t\t<div class=\"elementor-container elementor-column-gap-default\">\n\t\t\t\t\t<div class=\"elementor-column elementor-col-100 elementor-top-column elementor-element elementor-element-6632d8d\" data-id=\"6632d8d\" data-element_type=\"column\">\n\t\t\t<div class=\"elementor-widget-wrap elementor-element-populated\">\n\t\t\t\t\t\t<div class=\"elementor-element elementor-element-432cc64 elementor-widget elementor-widget-heading\" data-id=\"432cc64\" data-element_type=\"widget\" data-widget_type=\"heading.default\">\n\t\t\t\t<div class=\"elementor-widget-container\">\n\t\t\t\t\t<h2 class=\"elementor-heading-title elementor-size-default\">L\u00e6kker mad ud af huset<\/h2>\t\t\t\t<\/div>\n\t\t\t\t<\/div>\n\t\t\t\t\t<\/div>\n\t\t<\/div>\n\t\t\t\t\t<\/div>\n\t\t<\/section>\n\t\t\t\t<section class=\"elementor-section elementor-top-section elementor-element elementor-element-10e5425 elementor-section-boxed elementor-section-height-default elementor-section-height-default\" data-id=\"10e5425\" data-element_type=\"section\">\n\t\t\t\t\t\t<div class=\"elementor-container elementor-column-gap-default\">\n\t\t\t\t\t<div class=\"elementor-column elementor-col-100 elementor-top-column elementor-element elementor-element-f7cef33\" data-id=\"f7cef33\" data-element_type=\"column\">\n\t\t\t<div class=\"elementor-widget-wrap elementor-element-populated\">\n\t\t\t\t\t\t<div class=\"elementor-element elementor-element-76d5f09 elementor-widget elementor-widget-text-editor\" data-id=\"76d5f09\" data-element_type=\"widget\" data-widget_type=\"text-editor.default\">\n\t\t\t\t<div class=\"elementor-widget-container\">\n\t\t\t\t\t\t\t\t\t<p style=\"background-color: #ffffff\" data-start=\"0\" data-end=\"81\"><strong>Sv\u00e6rdborg Festlokaler tilbyder l\u00e6kker mad ud af huset ved minimum 30 kuverter &#8211; Vigtigt at bestille i god tid<\/strong><\/p><p style=\"background-color: #ffffff\" data-start=\"83\" data-end=\"367\">Hos Sv\u00e6rdborg Festlokaler tilbyder vi l\u00e6kker og velsmagende mad ud af huset til jeres arrangement. Uanset om det er et festligt bryllup, en jubil\u00e6umsfejring eller en hyggelig sammenkomst, s\u00e5 leverer vi skr\u00e6ddersyede madoplevelser, der sikrer, at dine g\u00e6ster bliver m\u00e6tte og tilfredse. Ring endelig til os for en l\u00f8sning der passer netop dig\u00a0<\/p><p style=\"background-color: #ffffff\" data-start=\"83\" data-end=\"367\">tlf.25 74 47 00<\/p><h2 style=\"background-color: #ffffff\" data-start=\"369\" data-end=\"406\"><strong>Her er et par af vores mest popul\u00e6re Sv\u00e6rdborg klassikere!<\/strong><\/h2><p style=\"background-color: #ffffff\" data-start=\"369\" data-end=\"406\">V\u00e6lg mellem vores forskellige menuer:<\/p><p data-start=\"369\" data-end=\"406\"><strong data-start=\"55\" data-end=\"102\">One Pot Pasta \u2013 cremet, nem og uimodst\u00e5elig<\/strong><br data-start=\"102\" data-end=\"105\" \/>Fork\u00e6l dig selv og familien med vores l\u00e6kre One Pot Pasta. M\u00f8rt svinek\u00f8d, spr\u00f8de gr\u00f8ntsager og en fl\u00f8jlsbl\u00f8d fl\u00f8desovs forenes i \u00e9n gryde og bliver til ren smagsmagi.<\/p><p data-start=\"369\" data-end=\"406\"><strong>Pris: 135 kr\/kuv.<\/strong><\/p><p data-start=\"369\" data-end=\"406\"><strong>\u00a0<\/strong><\/p><p style=\"background-color: #ffffff\" data-start=\"408\" data-end=\"644\"><strong data-start=\"408\" data-end=\"484\">Wienerschnitzel med dreng, brasekartofler, \u00e6rter og sm\u00f8rsauce\/Brun sauce<\/strong><br data-start=\"484\" data-end=\"487\" \/>En klassisk og elsket ret, der med sine m\u00f8re wienerschnitzler og l\u00e6kre tilbeh\u00f8r, s\u00e5som brasekartofler og sm\u00f8rsauce, vil gl\u00e6de enhver.<\/p><p style=\"background-color: #ffffff\" data-start=\"408\" data-end=\"644\"><strong data-start=\"623\" data-end=\"644\">Pris: 219 kr\/kuv.<\/strong><\/p><p style=\"background-color: #ffffff\" data-start=\"408\" data-end=\"644\"><strong data-start=\"623\" data-end=\"644\">\u00a0<\/strong><\/p><p style=\"background-color: #ffffff\" data-start=\"646\" data-end=\"921\"><strong data-start=\"646\" data-end=\"704\">M\u00f8rbradgryde med bacon, p\u00f8lser, svampe, tomat og fl\u00f8de<\/strong><br data-start=\"704\" data-end=\"707\" \/>Denne ret er b\u00e5de fyldig og velsmagende, med m\u00f8re stykker af m\u00f8rbrad tilberedt med bacon, p\u00f8lser, svampe og fl\u00f8de. Serveres med ris eller kartoffelmos.<\/p><p style=\"background-color: #ffffff\" data-start=\"646\" data-end=\"921\"><strong data-start=\"861\" data-end=\"882\">Pris: 159 kr\/kuv.<\/strong><br data-start=\"882\" data-end=\"885\" \/><strong data-start=\"885\" data-end=\"921\">Tilvalg: Gr\u00f8n salat \u2013 15 kr\/kuv.<\/strong><\/p><p style=\"background-color: #ffffff\" data-start=\"646\" data-end=\"921\"><strong data-start=\"885\" data-end=\"921\">\u00a0<\/strong><\/p><p style=\"background-color: #ffffff\" data-start=\"1257\" data-end=\"1601\"><strong data-start=\"1257\" data-end=\"1392\">Gammeldags Oksesteg med hvide kartofler, sauce, glaserede perlel\u00f8g, b\u00f8nner, guler\u00f8dder, tomat med peberrodssalat og h\u00f8vlet peberrod<\/strong><br data-start=\"1392\" data-end=\"1395\" \/>Denne klassiske ret, der bringer tankerne tilbage til hjemlige middage, best\u00e5r af en saftig oksesteg serveret med de traditionelle tilbeh\u00f8r, der g\u00f8r enhver festm\u00e5ltid uforglemmeligt.<\/p><p style=\"background-color: #ffffff\" data-start=\"1257\" data-end=\"1601\"><strong data-start=\"1580\" data-end=\"1601\">Pris: 225 kr\/kuv.<\/strong><\/p><p style=\"background-color: #ffffff\" data-start=\"1257\" data-end=\"1601\"><strong data-start=\"1580\" data-end=\"1601\">\u00a0<\/strong><\/p><p data-start=\"1257\" data-end=\"1601\"><strong data-start=\"50\" data-end=\"95\">Hakkeb\u00f8f med kartofler, bl\u00f8del\u00f8g og sovs<\/strong><br data-start=\"95\" data-end=\"98\" \/>En klassiker p\u00e5 dansk man\u00e9r \u2013 saftig hakkeb\u00f8f serveret med kartofler, s\u00f8dmefulde bl\u00f8de l\u00f8g og dit valg af enten en rund, kraftig brun sovs eller den mere friske og cremede bearnaise. En enkel ret med masser af smag og nostalgi.<\/p><p data-start=\"1257\" data-end=\"1601\"><strong>Pris 175 kr\/kuv.<\/strong><\/p><p data-start=\"1257\" data-end=\"1601\"><strong>\u00a0<\/strong><\/p><p data-start=\"1257\" data-end=\"1601\"><strong>Sm\u00f8rebr\u00f8d deluxe<\/strong><\/p><p data-start=\"1257\" data-end=\"1601\">Hos <strong data-start=\"274\" data-end=\"299\">Sv\u00e6rdborg Festlokaler<\/strong> tilbyder vi l\u00e6kkert og indbydende luksus sm\u00f8rrebr\u00f8d ud af huset til b\u00e5de private og erhverv. Vores sm\u00f8rrebr\u00f8d er velegnet til f\u00f8dselsdage, konfirmationer, firmaarrangementer, m\u00f8der, mindesammenkomster og andre s\u00e6rlige begivenheder.<\/p><p data-start=\"1257\" data-end=\"1601\">Vi tilpasser helt efter jeres \u00f8nske og alt vores sm\u00f8rrebr\u00f8d er p\u00e5 friskbagt rugbr\u00f8d<\/p><p data-start=\"1257\" data-end=\"1601\"><strong>Pris 40-45kr pr.stk<\/strong><\/p><p data-start=\"1257\" data-end=\"1601\"><strong>\u00a0<\/strong><\/p><p data-start=\"923\" data-end=\"1255\"><strong data-start=\"923\" data-end=\"962\">Tapas menu\u00a0<\/strong><br data-start=\"962\" data-end=\"965\" \/>For dem der \u00f8nsker lidt af det hele, tilbyder vi en l\u00e6kker tapasmenu:<\/p><p data-start=\"923\" data-end=\"1255\">3 slags p\u00f8lse, 3 slags oste, Dadler med bacon, solt\u00f8rrede tomater, oliven, mandler, saltbagte kartofler, br\u00f8d, pestoer, Aioli, sm\u00f8r<\/p><div style=\"border: 0px;font-size: 15px;line-height: inherit;vertical-align: baseline;color: black;direction: ltr\" data-olk-copy-source=\"MessageBody\"><strong style=\"color: #7a7a7a;font-family: Domine, sans-serif;font-size: 16px\" data-start=\"1234\" data-end=\"1255\">Pris fra: 249 kr\/kuv.<\/strong><\/div><p>Tilvalg:<\/p><p>T\u00e6rte 25 kr\/kuv<\/p><p>spinatvafler med laks 35 kr\/kuv\u00a0<\/p><p>Vi kan skr\u00e6ddersy vores Tapas menu helt efter jeres \u00f8nsker<\/p><p>\u00a0<\/p><p><strong>Brunch menu\u00a0<\/strong><\/p><ul><li>P\u00f8lser &#8211; Rullep\u00f8lse, spegep\u00f8lse, hamburgeryg<\/li><li>L\u00f8g, Agurk, Cherrytomat, peberfrugt, sky, ristede l\u00f8g, mayo, remulade<\/li><li>Italiensk salat<\/li><li>Oste, brie, gnave oste, skiveost, alm.+st\u00e6rk ost<\/li><li>Marmelader<\/li><li>\u00c6g, bacon og p\u00f8lser<\/li><li>The Birges<\/li><li>Mini crossanter<\/li><li>Rugbr\u00f8d, Franskbr\u00f8d, boller<\/li><li>P\u00e5l\u00e6gschokolade lys+m\u00f8rk<\/li><li>Nutella, peanut butter, sirup<\/li><li>Frugt<\/li><li>Gr\u00e6sk yoghurt med rabarber chrunch<\/li><\/ul><div><strong>Pris 249 kr\/kuv.<\/strong><\/div><p>Tilvalg:<\/p><ul><li>Lun leverpostej med champion og bacon +35kr pr.pers.<\/li><li>Pandekager +20kr pr.pers.<\/li><li>Koldr\u00f8get laks med rejer og dressing +45kr pr.pers.<\/li><\/ul><p>Vi leverer maden med omhu og professionelt service og klar til servering, s\u00e5 du kan fokusere p\u00e5 at nyde dit event. Kontakt os i dag for at h\u00f8re mere om, hvordan vi kan hj\u00e6lpe med at g\u00f8re din fest til en succes!<\/p><p style=\"background-color: #ffffff\">Maden kan afhentes eller leveres efter n\u00e6rmere aftale s\u00e5 ring endelig til os p\u00e5\u00a0<span style=\"background-color: #ffffff;color: var( --e-global-color-text );font-family: var( --e-global-typography-text-font-family ), Sans-serif;font-weight: var( --e-global-typography-text-font-weight )\">25 74 47 00<\/span><\/p>\t\t\t\t\t\t\t\t<\/div>\n\t\t\t\t<\/div>\n\t\t\t\t\t<\/div>\n\t\t<\/div>\n\t\t\t\t\t<\/div>\n\t\t<\/section>\n\t\t\t\t<section class=\"elementor-section elementor-top-section elementor-element elementor-element-894a37b elementor-section-boxed elementor-section-height-default elementor-section-height-default\" data-id=\"894a37b\" data-element_type=\"section\">\n\t\t\t\t\t\t<div class=\"elementor-container elementor-column-gap-default\">\n\t\t\t\t\t<div class=\"elementor-column elementor-col-100 elementor-top-column elementor-element elementor-element-6f6ead3\" data-id=\"6f6ead3\" data-element_type=\"column\">\n\t\t\t<div class=\"elementor-widget-wrap elementor-element-populated\">\n\t\t\t\t\t\t<div class=\"elementor-element elementor-element-beb70c5 elementor-arrows-position-inside elementor-pagination-position-outside elementor-widget elementor-widget-image-carousel\" data-id=\"beb70c5\" data-element_type=\"widget\" data-settings=\"{&quot;slides_to_show&quot;:&quot;1&quot;,&quot;navigation&quot;:&quot;both&quot;,&quot;autoplay&quot;:&quot;yes&quot;,&quot;pause_on_hover&quot;:&quot;yes&quot;,&quot;pause_on_interaction&quot;:&quot;yes&quot;,&quot;autoplay_speed&quot;:5000,&quot;infinite&quot;:&quot;yes&quot;,&quot;effect&quot;:&quot;slide&quot;,&quot;speed&quot;:500}\" data-widget_type=\"image-carousel.default\">\n\t\t\t\t<div class=\"elementor-widget-container\">\n\t\t\t\t\t\t\t<div class=\"elementor-image-carousel-wrapper swiper\" role=\"region\" aria-roledescription=\"carousel\" aria-label=\"Billedkarussel\" dir=\"ltr\">\n\t\t\t<div class=\"elementor-image-carousel swiper-wrapper\" aria-live=\"off\">\n\t\t\t\t\t\t\t\t<div class=\"swiper-slide\" role=\"group\" aria-roledescription=\"slide\" aria-label=\"1 of 12\"><figure class=\"swiper-slide-inner\"><img decoding=\"async\" class=\"swiper-slide-image\" src=\"https:\/\/svaerdborgfest.dk\/wp-content\/uploads\/2026\/01\/Design-uden-navn-27-1542x2048.jpg\" alt=\"Design uden navn (27)\" \/><\/figure><\/div><div class=\"swiper-slide\" role=\"group\" aria-roledescription=\"slide\" aria-label=\"2 of 12\"><figure class=\"swiper-slide-inner\"><img decoding=\"async\" class=\"swiper-slide-image\" src=\"https:\/\/svaerdborgfest.dk\/wp-content\/uploads\/2026\/01\/Design-uden-navn-26-1542x2048.jpg\" alt=\"Design uden navn (26)\" \/><\/figure><\/div><div class=\"swiper-slide\" role=\"group\" aria-roledescription=\"slide\" aria-label=\"3 of 12\"><figure class=\"swiper-slide-inner\"><img decoding=\"async\" class=\"swiper-slide-image\" src=\"https:\/\/svaerdborgfest.dk\/wp-content\/uploads\/2026\/01\/Design-uden-navn-29-1542x2048.jpg\" alt=\"Design uden navn (29)\" \/><\/figure><\/div><div class=\"swiper-slide\" role=\"group\" aria-roledescription=\"slide\" aria-label=\"4 of 12\"><figure class=\"swiper-slide-inner\"><img decoding=\"async\" class=\"swiper-slide-image\" src=\"https:\/\/svaerdborgfest.dk\/wp-content\/uploads\/2026\/01\/Design-uden-navn-28-1542x2048.jpg\" alt=\"Design uden navn (28)\" \/><\/figure><\/div><div class=\"swiper-slide\" role=\"group\" aria-roledescription=\"slide\" aria-label=\"5 of 12\"><figure class=\"swiper-slide-inner\"><img decoding=\"async\" class=\"swiper-slide-image\" src=\"https:\/\/svaerdborgfest.dk\/wp-content\/uploads\/2025\/10\/Moerbradgryde-1542x2048.jpg\" alt=\"M\u00f8rbradgryde\" \/><\/figure><\/div><div class=\"swiper-slide\" role=\"group\" aria-roledescription=\"slide\" aria-label=\"6 of 12\"><figure class=\"swiper-slide-inner\"><img decoding=\"async\" class=\"swiper-slide-image\" src=\"https:\/\/svaerdborgfest.dk\/wp-content\/uploads\/2025\/10\/Pastakompt-1542x2048.jpg\" alt=\"Pastakompt\" \/><\/figure><\/div><div class=\"swiper-slide\" role=\"group\" aria-roledescription=\"slide\" aria-label=\"7 of 12\"><figure class=\"swiper-slide-inner\"><img decoding=\"async\" class=\"swiper-slide-image\" src=\"https:\/\/svaerdborgfest.dk\/wp-content\/uploads\/2025\/10\/tapasbraet-1542x2048.jpg\" alt=\"tapasbr\u00e6t\" \/><\/figure><\/div><div class=\"swiper-slide\" role=\"group\" aria-roledescription=\"slide\" aria-label=\"8 of 12\"><figure class=\"swiper-slide-inner\"><img decoding=\"async\" class=\"swiper-slide-image\" src=\"https:\/\/svaerdborgfest.dk\/wp-content\/uploads\/2025\/06\/Design-uden-navn-3-1542x2048.jpg\" alt=\"Design uden navn (3)\" \/><\/figure><\/div><div class=\"swiper-slide\" role=\"group\" aria-roledescription=\"slide\" aria-label=\"9 of 12\"><figure class=\"swiper-slide-inner\"><img decoding=\"async\" class=\"swiper-slide-image\" src=\"https:\/\/svaerdborgfest.dk\/wp-content\/uploads\/2025\/10\/tapas-fad-1542x2048.jpg\" alt=\"tapas-fad\" \/><\/figure><\/div><div class=\"swiper-slide\" role=\"group\" aria-roledescription=\"slide\" aria-label=\"10 of 12\"><figure class=\"swiper-slide-inner\"><img decoding=\"async\" class=\"swiper-slide-image\" src=\"https:\/\/svaerdborgfest.dk\/wp-content\/uploads\/2025\/06\/Design-uden-navn-1-1542x2048.jpg\" alt=\"Design uden navn (1)\" \/><\/figure><\/div><div class=\"swiper-slide\" role=\"group\" aria-roledescription=\"slide\" aria-label=\"11 of 12\"><figure class=\"swiper-slide-inner\"><img decoding=\"async\" class=\"swiper-slide-image\" src=\"https:\/\/svaerdborgfest.dk\/wp-content\/uploads\/2025\/06\/1000011655-1542x2048.jpg\" alt=\"1000011655\" \/><\/figure><\/div><div class=\"swiper-slide\" role=\"group\" aria-roledescription=\"slide\" aria-label=\"12 of 12\"><figure class=\"swiper-slide-inner\"><img decoding=\"async\" class=\"swiper-slide-image\" src=\"https:\/\/svaerdborgfest.dk\/wp-content\/uploads\/2025\/06\/1000011662-1542x2048.jpg\" alt=\"1000011662\" \/><\/figure><\/div>\t\t\t<\/div>\n\t\t\t\t\t\t\t\t\t\t\t\t<div class=\"elementor-swiper-button elementor-swiper-button-prev\" role=\"button\" tabindex=\"0\">\n\t\t\t\t\t\t<i aria-hidden=\"true\" class=\"eicon-chevron-left\"><\/i>\t\t\t\t\t<\/div>\n\t\t\t\t\t<div class=\"elementor-swiper-button elementor-swiper-button-next\" role=\"button\" tabindex=\"0\">\n\t\t\t\t\t\t<i aria-hidden=\"true\" class=\"eicon-chevron-right\"><\/i>\t\t\t\t\t<\/div>\n\t\t\t\t\n\t\t\t\t\t\t\t\t\t<div class=\"swiper-pagination\"><\/div>\n\t\t\t\t\t\t\t\t\t<\/div>\n\t\t\t\t\t\t<\/div>\n\t\t\t\t<\/div>\n\t\t\t\t\t<\/div>\n\t\t<\/div>\n\t\t\t\t\t<\/div>\n\t\t<\/section>\n\t\t\t\t<\/div>\n\t\t","protected":false},"excerpt":{"rendered":"<p>L\u00e6kker mad ud af huset Sv\u00e6rdborg Festlokaler tilbyder l\u00e6kker mad ud af huset ved minimum 30 kuverter &#8211; Vigtigt at bestille i god tid Hos [&hellip;]<\/p>\n","protected":false},"author":1,"featured_media":0,"parent":0,"menu_order":0,"comment_status":"closed","ping_status":"closed","template":"elementor_header_footer","meta":{"_price":"","_stock":"","_tribe_ticket_header":"","_tribe_default_ticket_provider":"","_tribe_ticket_capacity":"0","_ticket_start_date":"","_ticket_end_date":"","_tribe_ticket_show_description":"","_tribe_ticket_show_not_going":false,"_tribe_ticket_use_global_stock":"","_tribe_ticket_global_stock_level":"","_global_stock_mode":"","_global_stock_cap":"","_tribe_rsvp_for_event":"","_tribe_ticket_going_count":"","_tribe_ticket_not_going_count":"","_tribe_tickets_list":"[]","_tribe_ticket_has_attendee_info_fields":false,"_vp_format_video_url":"","_vp_image_focal_point":[],"footnotes":"","_tec_slr_enabled":"","_tec_slr_layout":""},"class_list":["post-740","page","type-page","status-publish","hentry"],"yoast_head":"<!-- This site is optimized with the Yoast SEO plugin v24.0 - https:\/\/yoast.com\/wordpress\/plugins\/seo\/ -->\n<title>Mad ud af Huset - Sv\u00e6rdborg Festlokaler og kursusfaciliteter<\/title>\n<meta name=\"robots\" content=\"index, follow, max-snippet:-1, max-image-preview:large, max-video-preview:-1\" \/>\n<link rel=\"canonical\" href=\"https:\/\/svaerdborgfest.dk\/index.php\/mad-ud-af-huset\/\" \/>\n<meta property=\"og:locale\" content=\"da_DK\" \/>\n<meta property=\"og:type\" content=\"article\" \/>\n<meta property=\"og:title\" content=\"Mad ud af Huset - Sv\u00e6rdborg Festlokaler og kursusfaciliteter\" \/>\n<meta property=\"og:description\" content=\"L\u00e6kker mad ud af huset Sv\u00e6rdborg Festlokaler tilbyder l\u00e6kker mad ud af huset ved minimum 30 kuverter &#8211; Vigtigt at bestille i god tid Hos [&hellip;]\" \/>\n<meta property=\"og:url\" content=\"https:\/\/svaerdborgfest.dk\/index.php\/mad-ud-af-huset\/\" \/>\n<meta property=\"og:site_name\" content=\"Sv\u00e6rdborg Festlokaler og kursusfaciliteter\" \/>\n<meta property=\"article:modified_time\" content=\"2026-03-25T13:22:01+00:00\" \/>\n<meta property=\"og:image\" content=\"https:\/\/svaerdborgfest.dk\/wp-content\/uploads\/2026\/01\/Design-uden-navn-27-1542x2048.jpg\" \/>\n<meta name=\"twitter:card\" content=\"summary_large_image\" \/>\n<meta name=\"twitter:label1\" content=\"Estimeret l\u00e6setid\" \/>\n\t<meta name=\"twitter:data1\" content=\"6 minutter\" \/>\n<script type=\"application\/ld+json\" class=\"yoast-schema-graph\">{\"@context\":\"https:\/\/schema.org\",\"@graph\":[{\"@type\":\"WebPage\",\"@id\":\"https:\/\/svaerdborgfest.dk\/index.php\/mad-ud-af-huset\/\",\"url\":\"https:\/\/svaerdborgfest.dk\/index.php\/mad-ud-af-huset\/\",\"name\":\"Mad ud af Huset - Sv\u00e6rdborg Festlokaler og kursusfaciliteter\",\"isPartOf\":{\"@id\":\"http:\/\/svaerdborgfest.dk\/#website\"},\"primaryImageOfPage\":{\"@id\":\"https:\/\/svaerdborgfest.dk\/index.php\/mad-ud-af-huset\/#primaryimage\"},\"image\":{\"@id\":\"https:\/\/svaerdborgfest.dk\/index.php\/mad-ud-af-huset\/#primaryimage\"},\"thumbnailUrl\":\"https:\/\/svaerdborgfest.dk\/wp-content\/uploads\/2026\/01\/Design-uden-navn-27-1542x2048.jpg\",\"datePublished\":\"2025-03-14T08:22:24+00:00\",\"dateModified\":\"2026-03-25T13:22:01+00:00\",\"breadcrumb\":{\"@id\":\"https:\/\/svaerdborgfest.dk\/index.php\/mad-ud-af-huset\/#breadcrumb\"},\"inLanguage\":\"da-DK\",\"potentialAction\":[{\"@type\":\"ReadAction\",\"target\":[\"https:\/\/svaerdborgfest.dk\/index.php\/mad-ud-af-huset\/\"]}]},{\"@type\":\"ImageObject\",\"inLanguage\":\"da-DK\",\"@id\":\"https:\/\/svaerdborgfest.dk\/index.php\/mad-ud-af-huset\/#primaryimage\",\"url\":\"https:\/\/svaerdborgfest.dk\/wp-content\/uploads\/2026\/01\/Design-uden-navn-27.jpg\",\"contentUrl\":\"https:\/\/svaerdborgfest.dk\/wp-content\/uploads\/2026\/01\/Design-uden-navn-27.jpg\",\"width\":1928,\"height\":2560},{\"@type\":\"BreadcrumbList\",\"@id\":\"https:\/\/svaerdborgfest.dk\/index.php\/mad-ud-af-huset\/#breadcrumb\",\"itemListElement\":[{\"@type\":\"ListItem\",\"position\":1,\"name\":\"Hjem\",\"item\":\"https:\/\/svaerdborgfest.dk\/\"},{\"@type\":\"ListItem\",\"position\":2,\"name\":\"Mad ud af Huset\"}]},{\"@type\":\"WebSite\",\"@id\":\"http:\/\/svaerdborgfest.dk\/#website\",\"url\":\"http:\/\/svaerdborgfest.dk\/\",\"name\":\"Sv\u00e6rdborg Festlokaler og kursusfaciliteter\",\"description\":\"\",\"potentialAction\":[{\"@type\":\"SearchAction\",\"target\":{\"@type\":\"EntryPoint\",\"urlTemplate\":\"http:\/\/svaerdborgfest.dk\/?s={search_term_string}\"},\"query-input\":{\"@type\":\"PropertyValueSpecification\",\"valueRequired\":true,\"valueName\":\"search_term_string\"}}],\"inLanguage\":\"da-DK\"}]}<\/script>\n<!-- \/ Yoast SEO plugin. -->","yoast_head_json":{"title":"Mad ud af Huset - Sv\u00e6rdborg Festlokaler og kursusfaciliteter","robots":{"index":"index","follow":"follow","max-snippet":"max-snippet:-1","max-image-preview":"max-image-preview:large","max-video-preview":"max-video-preview:-1"},"canonical":"https:\/\/svaerdborgfest.dk\/index.php\/mad-ud-af-huset\/","og_locale":"da_DK","og_type":"article","og_title":"Mad ud af Huset - Sv\u00e6rdborg Festlokaler og kursusfaciliteter","og_description":"L\u00e6kker mad ud af huset Sv\u00e6rdborg Festlokaler tilbyder l\u00e6kker mad ud af huset ved minimum 30 kuverter &#8211; Vigtigt at bestille i god tid Hos [&hellip;]","og_url":"https:\/\/svaerdborgfest.dk\/index.php\/mad-ud-af-huset\/","og_site_name":"Sv\u00e6rdborg Festlokaler og kursusfaciliteter","article_modified_time":"2026-03-25T13:22:01+00:00","og_image":[{"url":"https:\/\/svaerdborgfest.dk\/wp-content\/uploads\/2026\/01\/Design-uden-navn-27-1542x2048.jpg","type":"","width":"","height":""}],"twitter_card":"summary_large_image","twitter_misc":{"Estimeret l\u00e6setid":"6 minutter"},"schema":{"@context":"https:\/\/schema.org","@graph":[{"@type":"WebPage","@id":"https:\/\/svaerdborgfest.dk\/index.php\/mad-ud-af-huset\/","url":"https:\/\/svaerdborgfest.dk\/index.php\/mad-ud-af-huset\/","name":"Mad ud af Huset - Sv\u00e6rdborg Festlokaler og kursusfaciliteter","isPartOf":{"@id":"http:\/\/svaerdborgfest.dk\/#website"},"primaryImageOfPage":{"@id":"https:\/\/svaerdborgfest.dk\/index.php\/mad-ud-af-huset\/#primaryimage"},"image":{"@id":"https:\/\/svaerdborgfest.dk\/index.php\/mad-ud-af-huset\/#primaryimage"},"thumbnailUrl":"https:\/\/svaerdborgfest.dk\/wp-content\/uploads\/2026\/01\/Design-uden-navn-27-1542x2048.jpg","datePublished":"2025-03-14T08:22:24+00:00","dateModified":"2026-03-25T13:22:01+00:00","breadcrumb":{"@id":"https:\/\/svaerdborgfest.dk\/index.php\/mad-ud-af-huset\/#breadcrumb"},"inLanguage":"da-DK","potentialAction":[{"@type":"ReadAction","target":["https:\/\/svaerdborgfest.dk\/index.php\/mad-ud-af-huset\/"]}]},{"@type":"ImageObject","inLanguage":"da-DK","@id":"https:\/\/svaerdborgfest.dk\/index.php\/mad-ud-af-huset\/#primaryimage","url":"https:\/\/svaerdborgfest.dk\/wp-content\/uploads\/2026\/01\/Design-uden-navn-27.jpg","contentUrl":"https:\/\/svaerdborgfest.dk\/wp-content\/uploads\/2026\/01\/Design-uden-navn-27.jpg","width":1928,"height":2560},{"@type":"BreadcrumbList","@id":"https:\/\/svaerdborgfest.dk\/index.php\/mad-ud-af-huset\/#breadcrumb","itemListElement":[{"@type":"ListItem","position":1,"name":"Hjem","item":"https:\/\/svaerdborgfest.dk\/"},{"@type":"ListItem","position":2,"name":"Mad ud af Huset"}]},{"@type":"WebSite","@id":"http:\/\/svaerdborgfest.dk\/#website","url":"http:\/\/svaerdborgfest.dk\/","name":"Sv\u00e6rdborg Festlokaler og kursusfaciliteter","description":"","potentialAction":[{"@type":"SearchAction","target":{"@type":"EntryPoint","urlTemplate":"http:\/\/svaerdborgfest.dk\/?s={search_term_string}"},"query-input":{"@type":"PropertyValueSpecification","valueRequired":true,"valueName":"search_term_string"}}],"inLanguage":"da-DK"}]}},"ticketed":false,"_links":{"self":[{"href":"https:\/\/svaerdborgfest.dk\/index.php\/wp-json\/wp\/v2\/pages\/740","targetHints":{"allow":["GET"]}}],"collection":[{"href":"https:\/\/svaerdborgfest.dk\/index.php\/wp-json\/wp\/v2\/pages"}],"about":[{"href":"https:\/\/svaerdborgfest.dk\/index.php\/wp-json\/wp\/v2\/types\/page"}],"author":[{"embeddable":true,"href":"https:\/\/svaerdborgfest.dk\/index.php\/wp-json\/wp\/v2\/users\/1"}],"replies":[{"embeddable":true,"href":"https:\/\/svaerdborgfest.dk\/index.php\/wp-json\/wp\/v2\/comments?post=740"}],"version-history":[{"count":61,"href":"https:\/\/svaerdborgfest.dk\/index.php\/wp-json\/wp\/v2\/pages\/740\/revisions"}],"predecessor-version":[{"id":1825,"href":"https:\/\/svaerdborgfest.dk\/index.php\/wp-json\/wp\/v2\/pages\/740\/revisions\/1825"}],"wp:attachment":[{"href":"https:\/\/svaerdborgfest.dk\/index.php\/wp-json\/wp\/v2\/media?parent=740"}],"curies":[{"name":"wp","href":"https:\/\/api.w.org\/{rel}","templated":true}]}}